{"id":5745,"date":"2021-06-25T07:44:12","date_gmt":"2021-06-25T07:44:12","guid":{"rendered":"https:\/\/www.mitari.gr\/front-hu\/"},"modified":"2021-06-25T07:44:18","modified_gmt":"2021-06-25T07:44:18","slug":"front-hu","status":"publish","type":"page","link":"https:\/\/www.mitari.gr\/hu\/","title":{"rendered":"Front &#8211; HU"},"content":{"rendered":"<p><div class=\"fusion-fullwidth fullwidth-box fusion-builder-row-1 nonhundred-percent-fullwidth non-hundred-percent-height-scrolling\" style=\"background-color: rgba(255,255,255,0);background-position: left top;background-repeat: no-repeat;padding-top:20px;padding-right:0px;padding-bottom:20px;padding-left:0px;margin-bottom: 0px;margin-top: 0px;border-width: 0px 0px 0px 0px;border-color:#eae9e9;border-style:solid;\" ><div class=\"fusion-builder-row fusion-row\"><div class=\"fusion-layout-column fusion_builder_column fusion-builder-column-0 fusion_builder_column_1_2 1_2 fusion-one-half fusion-column-first fusion-no-small-visibility fusion-no-medium-visibility\" style=\"width:48%; margin-right: 4%;margin-top:0px;margin-bottom:20px;\"><div class=\"fusion-column-wrapper fusion-flex-column-wrapper-legacy\" style=\"background-image: url(&#039;http:\/\/mitari.gr.185-4-133-29.linuxzone55.grserver.gr\/wp-content\/uploads\/2015\/05\/who-are-we-featured-image.jpg&#039;);background-position:center center;background-repeat:no-repeat;-webkit-background-size:cover;-moz-background-size:cover;-o-background-size:cover;background-size:cover;padding: 0px 0px 0px 0px;\" data-bg-url=\"http:\/\/mitari.gr.185-4-133-29.linuxzone55.grserver.gr\/wp-content\/uploads\/2015\/05\/who-are-we-featured-image.jpg\"><div class=\"fusion-video fusion-youtube fusion-no-small-visibility fusion-no-medium-visibility\" style=\"max-width:600px;max-height:360px;\"><div class=\"video-shortcode\"><iframe title=\"YouTube video player\" src=\"https:\/\/www.youtube.com\/embed\/imY7rTfDxoU?wmode=transparent&autoplay=0&amp;autoplay=1&amp;rel=0\" width=\"600\" height=\"360\" allowfullscreen allow=\"autoplay; fullscreen\"><\/iframe><\/div><\/div><div class=\"fusion-clearfix\"><\/div><\/div><\/div><div class=\"fusion-layout-column fusion_builder_column fusion-builder-column-1 fusion_builder_column_1_2 1_2 fusion-one-half fusion-column-last\" style=\"width:48%;margin-top:0px;margin-bottom:20px;\"><div class=\"fusion-column-wrapper fusion-flex-column-wrapper-legacy\" style=\"background-position:left top;background-repeat:no-repeat;-webkit-background-size:cover;-moz-background-size:cover;-o-background-size:cover;background-size:cover;padding: 0px 0px 0px 0px;\"><div class=\"fusion-text fusion-text-1\" style=\"transform:translate3d(0,0,0);\"><h1 style=\"text-align: center;\">KIK VAGYUNK?<\/h1>\n<\/div><div class=\"fusion-sep-clear\"><\/div><div class=\"fusion-separator fusion-clearfix\" style=\"float:left;margin-top:0px;margin-bottom:30px;width:100%;max-width:310px;\"><div class=\"fusion-separator-border sep-single sep-solid\" style=\"border-color:#1e73be;border-top-width:1px;\"><\/div><\/div><div class=\"fusion-sep-clear\"><\/div><div class=\"fusion-text fusion-text-2\" style=\"transform:translate3d(0,0,0);\"><h2>A Mitari egy modern, szervezett kemping Szit\u00f3ni\u00e1ban, Halkidikiben, amely felejthetetlen nyaral\u00e1st k\u00edn\u00e1l leny\u0171g\u00f6z\u0151 term\u00e9szeti k\u00f6rnyezetben.<\/h2>\n<\/div><div class=\"fusion-clearfix\"><\/div><\/div><\/div><div class=\"fusion-layout-column fusion_builder_column fusion-builder-column-2 fusion_builder_column_1_2 1_2 fusion-one-half fusion-column-first\" style=\"width:48%; margin-right: 4%;margin-top:0px;margin-bottom:20px;\"><div class=\"fusion-column-wrapper fusion-flex-column-wrapper-legacy\" style=\"background-position:left top;background-repeat:no-repeat;-webkit-background-size:cover;-moz-background-size:cover;-o-background-size:cover;background-size:cover;padding: 0px 0px 0px 0px;\"><div class=\"fusion-text fusion-text-3\" style=\"transform:translate3d(0,0,0);\"><p>A Mitari Camping &amp; Villas Nikiti telep\u00fcl\u00e9sen, a Szit\u00f3nia-f\u00e9lszigeten, az &#8222;Olive&#8221; ter\u00fcleten tal\u00e1lhat\u00f3. Egyed\u00fcl\u00e1ll\u00f3 helyen, mind\u00f6ssze 115 km-re Thesszalonikit\u0151l \u00e9s 50 km-re Nea Moudani\u00e1t\u00f3l, csendes \u00e9s hangulatos k\u00f6rnyezetben \u00e9lvezheti nyaral\u00e1s\u00e1t. Mitari a nev\u00e9t f\u00f6ldrajzi helyzet\u00e9nek k\u00f6sz\u00f6nheti, mivel k\u00e9t patak &#8221; sz\u00e9l\u00e9n &#8221; van, \u00e9s k\u00e9t homlokzata van a Toroni-\u00f6b\u00f6l tiszta viz\u00e9ben.<\/p>\n<\/div><div class=\"fusion-clearfix\"><\/div><\/div><\/div><div class=\"fusion-layout-column fusion_builder_column fusion-builder-column-3 fusion_builder_column_1_2 1_2 fusion-one-half fusion-column-last\" style=\"width:48%;margin-top:0px;margin-bottom:20px;\"><div class=\"fusion-column-wrapper fusion-flex-column-wrapper-legacy\" style=\"background-position:left top;background-repeat:no-repeat;-webkit-background-size:cover;-moz-background-size:cover;-o-background-size:cover;background-size:cover;padding: 0px 0px 0px 0px;\"><div class=\"fusion-text fusion-text-4\" style=\"transform:translate3d(0,0,0);\"><p>Modern l\u00e9tes\u00edtm\u00e9nyeinkben \u00e9s t\u00e1gas, f\u00e1kkal vagy mesters\u00e9ges \u00e1rny\u00e9kh\u00e1l\u00f3val \u00e1rny\u00e9kolt helyeken ide\u00e1lis \u00e9lm\u00e9nyben lesz r\u00e9sze. Tov\u00e1bb\u00e1, Mitari b\u00e1zis\u00e1val felfedezheti a k\u00f6rnyez\u0151 ter\u00fcletet, kezdve a fest\u0151i t\u00fara\u00fatvonalakkal teli gy\u00f6ny\u00f6r\u0171 feny\u0151erd\u0151kkel, \u00e9s tov\u00e1bb haladva olyan hagyom\u00e1nyos falvak felfedez\u00e9s\u00e9hez, mint Nikiti ( 12 km) \u00e9s a kozmopolita N.Marmaras falu ( 8 km).<\/p>\n<\/div><div class=\"fusion-clearfix\"><\/div><\/div><\/div><\/div><\/div><div class=\"fusion-fullwidth fullwidth-box fusion-builder-row-2 nonhundred-percent-fullwidth non-hundred-percent-height-scrolling\" style=\"background-color: rgba(255,255,255,0);background-position: left top;background-repeat: no-repeat;padding-top:20px;padding-right:0px;padding-bottom:20px;padding-left:0px;margin-bottom: 0px;margin-top: 0px;border-width: 0px 0px 0px 0px;border-color:#eae9e9;border-style:solid;\" ><div class=\"fusion-builder-row fusion-row\"><div class=\"fusion-layout-column fusion_builder_column fusion-builder-column-4 fusion_builder_column_1_1 1_1 fusion-one-full fusion-column-first fusion-column-last fusion-column-no-min-height\" style=\"margin-top:0px;margin-bottom:0px;\"><div class=\"fusion-column-wrapper fusion-flex-column-wrapper-legacy\" style=\"background-position:left top;background-repeat:no-repeat;-webkit-background-size:cover;-moz-background-size:cover;-o-background-size:cover;background-size:cover;padding: 0px 0px 0px 0px;\"><div class=\"fusion-text fusion-text-5\" style=\"transform:translate3d(0,0,0);\"><h1 style=\"text-align: center;\">MIT K\u00cdN\u00c1LUNK<\/h1>\n<\/div><div class=\"fusion-sep-clear\"><\/div><div class=\"fusion-separator fusion-full-width-sep\" style=\"margin-left: auto;margin-right: auto;margin-bottom:30px;width:100%;\"><div class=\"fusion-separator-border sep-single sep-solid\" style=\"border-color:#1e73be;border-top-width:1px;\"><\/div><\/div><div class=\"fusion-sep-clear\"><\/div><div class=\"fusion-text fusion-text-6\" style=\"transform:translate3d(0,0,0);\"><h2 style=\"text-align: center;\">Ismerje meg a magas sz\u00ednvonal\u00fa nyaral\u00e1st biztos\u00edt\u00f3 szolg\u00e1ltat\u00e1sainkat<\/h2>\n<\/div><div class=\"fusion-clearfix\"><\/div><\/div><\/div><div class=\"fusion-layout-column fusion_builder_column fusion-builder-column-5 fusion_builder_column_1_1 1_1 fusion-one-full fusion-column-first fusion-column-last fusion-column-no-min-height\" style=\"margin-top:0px;margin-bottom:0px;\"><div class=\"fusion-column-wrapper fusion-flex-column-wrapper-legacy\" style=\"background-position:left top;background-repeat:no-repeat;-webkit-background-size:cover;-moz-background-size:cover;-o-background-size:cover;background-size:cover;padding: 0px 0px 0px 0px;\"><style type=\"text\/css\">.fusion-portfolio-wrapper#fusion-portfolio-1 .fusion-portfolio-content{  text-align: left; }<\/style><div class=\"fusion-recent-works fusion-portfolio-element fusion-portfolio fusion-portfolio-1 fusion-portfolio-grid fusion-portfolio-paging-pagination fusion-portfolio-three fusion-portfolio-unboxed fusion-portfolio-text fusion-portfolio-rollover\" data-id=\"-rw-1\" data-columns=\"three\"><style type=\"text\/css\">.fusion-portfolio-1 .fusion-portfolio-wrapper .fusion-col-spacing{padding:10px;}<\/style><div class=\"fusion-portfolio-wrapper\" id=\"fusion-portfolio-1\" data-picturesize=\"auto\" data-pages=\"1\" style=\"margin:-10px;\"><article id=\"portfolio-1-post-4453\" class=\"fusion-portfolio-post services-hu fusion-col-spacing post-4453\"><div class=\"fusion-portfolio-content-wrapper\" style=\"border:none;\">\n\n<div  class=\"fusion-image-wrapper\" aria-haspopup=\"true\">\n\t\n\t\n\t\n\t\t\n\t\t\t\t\t<img width=\"540\" height=\"360\" src=\"https:\/\/www.mitari.gr\/wp-content\/uploads\/2018\/06\/pic3-e1551344434934.jpg\" class=\"attachment-full size-full wp-post-image\" alt=\"\" decoding=\"async\" loading=\"lazy\" srcset=\"https:\/\/www.mitari.gr\/wp-content\/uploads\/2018\/06\/pic3-e1551344434934-200x133.jpg 200w, https:\/\/www.mitari.gr\/wp-content\/uploads\/2018\/06\/pic3-e1551344434934-400x267.jpg 400w, https:\/\/www.mitari.gr\/wp-content\/uploads\/2018\/06\/pic3-e1551344434934.jpg 540w\" sizes=\"(min-width: 2200px) 100vw, (min-width: 784px) 353px, (min-width: 712px) 530px, (min-width: 640px) 712px, \" \/>\n\t\n\n\t\t<div class=\"fusion-rollover\">\n\t<div class=\"fusion-rollover-content\">\n\n\t\t\t\t\n\t\t\t\t\n\t\t\t\t\t\t\t\t\n\t\t\t\t\t\t\t\t\n\t\t\n\t\t\t\t<a class=\"fusion-link-wrapper\" href=\"https:\/\/www.mitari.gr\/hu\/portfolio-items\/mountain-bike\/?portfolioCats=240\" aria-label=\"Mountain Bike\"><\/a>\n\t<\/div>\n<\/div>\n\n\t\n<\/div>\n<div class=\"fusion-portfolio-content\"><h2 class=\"fusion-post-title\"><a href=\"https:\/\/www.mitari.gr\/hu\/portfolio-items\/mountain-bike\/?portfolioCats=240\">Mountain Bike<\/a><\/h2><div class=\"fusion-portfolio-meta\"><a href=\"https:\/\/www.mitari.gr\/hu\/portfolio_category\/services-hu\/\" rel=\"tag\">Services<\/a><\/div><div class=\"fusion-post-content\"><p> Tekerjen ker\u00e9kp\u00e1rj\u00e1val vagy e-bike-j\u00e1val izgalmas \u00f6sv\u00e9nyeken, \u00e9s \u00e9lvezze Mitari term\u00e9szet\u00e9t.      T\u00f6bbf\u00e9le t\u00fara k\u00f6z\u00fcl v\u00e1laszthat  K\u00f6nny\u0171 neh\u00e9zs\u00e9g     K\u00f6zepes neh\u00e9zs\u00e9g      Neh\u00e9z<\/p><\/div><\/div><\/div><\/article><article id=\"portfolio-1-post-4473\" class=\"fusion-portfolio-post services-hu fusion-col-spacing post-4473\"><div class=\"fusion-portfolio-content-wrapper\" style=\"border:none;\">\n\n<div  class=\"fusion-image-wrapper\" aria-haspopup=\"true\">\n\t\n\t\n\t\n\t\t\n\t\t\t\t\t<img width=\"640\" height=\"360\" src=\"https:\/\/www.mitari.gr\/wp-content\/uploads\/2015\/05\/activities-featured-image.jpg\" class=\"attachment-full size-full wp-post-image\" alt=\"\" decoding=\"async\" loading=\"lazy\" srcset=\"https:\/\/www.mitari.gr\/wp-content\/uploads\/2015\/05\/activities-featured-image-200x113.jpg 200w, https:\/\/www.mitari.gr\/wp-content\/uploads\/2015\/05\/activities-featured-image-400x225.jpg 400w, https:\/\/www.mitari.gr\/wp-content\/uploads\/2015\/05\/activities-featured-image-600x338.jpg 600w, https:\/\/www.mitari.gr\/wp-content\/uploads\/2015\/05\/activities-featured-image.jpg 640w\" sizes=\"(min-width: 2200px) 100vw, (min-width: 784px) 353px, (min-width: 712px) 530px, (min-width: 640px) 712px, \" \/>\n\t\n\n\t\t<div class=\"fusion-rollover\">\n\t<div class=\"fusion-rollover-content\">\n\n\t\t\t\t\n\t\t\t\t\n\t\t\t\t\t\t\t\t\n\t\t\t\t\t\t\t\t\n\t\t\n\t\t\t\t<a class=\"fusion-link-wrapper\" href=\"https:\/\/www.mitari.gr\/hu\/portfolio-items\/activities\/?portfolioCats=240\" aria-label=\"tev\u00e9kenys\u00e9gek\"><\/a>\n\t<\/div>\n<\/div>\n\n\t\n<\/div>\n<div class=\"fusion-portfolio-content\"><h2 class=\"fusion-post-title\"><a href=\"https:\/\/www.mitari.gr\/hu\/portfolio-items\/activities\/?portfolioCats=240\">tev\u00e9kenys\u00e9gek<\/a><\/h2><div class=\"fusion-portfolio-meta\"><a href=\"https:\/\/www.mitari.gr\/hu\/portfolio_category\/services-hu\/\" rel=\"tag\">Services<\/a><\/div><div class=\"fusion-post-content\"><p>A tev\u00e9kenys\u00e9gek sz\u00e9les sk\u00e1l\u00e1j\u00e1t k\u00edn\u00e1ljuk, hogy m\u00e9g \u00e9lvezetesebb legyen az itt tart\u00f3zkod\u00e1s!<\/p><\/div><\/div><\/div><\/article><article id=\"portfolio-1-post-4521\" class=\"fusion-portfolio-post services-hu fusion-col-spacing post-4521\"><div class=\"fusion-portfolio-content-wrapper\" style=\"border:none;\">\n\n<div  class=\"fusion-image-wrapper\" aria-haspopup=\"true\">\n\t\n\t\n\t\n\t\t\n\t\t\t\t\t<img width=\"640\" height=\"360\" src=\"https:\/\/www.mitari.gr\/wp-content\/uploads\/2015\/05\/bar-2.jpg\" class=\"attachment-full size-full wp-post-image\" alt=\"\" decoding=\"async\" loading=\"lazy\" srcset=\"https:\/\/www.mitari.gr\/wp-content\/uploads\/2015\/05\/bar-2-200x113.jpg 200w, https:\/\/www.mitari.gr\/wp-content\/uploads\/2015\/05\/bar-2-400x225.jpg 400w, https:\/\/www.mitari.gr\/wp-content\/uploads\/2015\/05\/bar-2-600x338.jpg 600w, https:\/\/www.mitari.gr\/wp-content\/uploads\/2015\/05\/bar-2.jpg 640w\" sizes=\"(min-width: 2200px) 100vw, (min-width: 784px) 353px, (min-width: 712px) 530px, (min-width: 640px) 712px, \" \/>\n\t\n\n\t\t<div class=\"fusion-rollover\">\n\t<div class=\"fusion-rollover-content\">\n\n\t\t\t\t\n\t\t\t\t\n\t\t\t\t\t\t\t\t\n\t\t\t\t\t\t\t\t\n\t\t\n\t\t\t\t<a class=\"fusion-link-wrapper\" href=\"https:\/\/www.mitari.gr\/hu\/portfolio-items\/facilities\/?portfolioCats=240\" aria-label=\"l\u00e9tes\u00edtm\u00e9nyek\"><\/a>\n\t<\/div>\n<\/div>\n\n\t\n<\/div>\n<div class=\"fusion-portfolio-content\"><h2 class=\"fusion-post-title\"><a href=\"https:\/\/www.mitari.gr\/hu\/portfolio-items\/facilities\/?portfolioCats=240\">l\u00e9tes\u00edtm\u00e9nyek<\/a><\/h2><div class=\"fusion-portfolio-meta\"><a href=\"https:\/\/www.mitari.gr\/hu\/portfolio_category\/services-hu\/\" rel=\"tag\">Services<\/a><\/div><div class=\"fusion-post-content\"><p>L\u00e9tes\u00edtm\u00e9nyeinket \u00fagy alak\u00edtottuk ki, hogy maximaliz\u00e1ljuk az \u00d6n k\u00e9nyelm\u00e9t, \u00e9s felejthetetlen nyaral\u00e1si \u00e9lm\u00e9nyt ny\u00fajtsunk \u00d6nnek! <\/p><\/div><\/div><\/div><\/article><\/div><\/div><div class=\"fusion-clearfix\"><\/div><\/div><\/div><\/div><\/div><div class=\"fusion-fullwidth fullwidth-box fusion-builder-row-3 nonhundred-percent-fullwidth non-hundred-percent-height-scrolling\" style=\"background-color: rgba(255,255,255,0);background-position: left top;background-repeat: no-repeat;padding-top:20px;padding-right:0px;padding-bottom:20px;padding-left:0px;margin-bottom: 0px;margin-top: 0px;border-width: 0px 0px 0px 0px;border-color:#eae9e9;border-style:solid;\" ><div class=\"fusion-builder-row fusion-row\"><div class=\"fusion-layout-column fusion_builder_column fusion-builder-column-6 fusion_builder_column_1_1 1_1 fusion-one-full fusion-column-first fusion-column-last fusion-column-no-min-height\" style=\"margin-top:0px;margin-bottom:0px;\"><div class=\"fusion-column-wrapper fusion-flex-column-wrapper-legacy\" style=\"background-position:left top;background-repeat:no-repeat;-webkit-background-size:cover;-moz-background-size:cover;-o-background-size:cover;background-size:cover;padding: 0px 0px 0px 0px;\"><div class=\"fusion-text fusion-text-7\" style=\"transform:translate3d(0,0,0);\"><h1 style=\"text-align: center;\">KAPCSOLATFELV\u00c9TEL \u00c9S FOGLAL\u00c1S VEL\u00dcNK<\/h1>\n<\/div><div class=\"fusion-sep-clear\"><\/div><div class=\"fusion-separator fusion-full-width-sep\" style=\"margin-left: auto;margin-right: auto;margin-bottom:30px;width:100%;\"><div class=\"fusion-separator-border sep-single sep-solid\" style=\"border-color:#1e73be;border-top-width:1px;\"><\/div><\/div><div class=\"fusion-sep-clear\"><\/div><div class=\"fusion-text fusion-text-8\" style=\"transform:translate3d(0,0,0);\"><h2 style=\"text-align: center;\">l\u00e9pjen vel\u00fcnk k\u00f6zvetlen\u00fcl kapcsolatba a +30 2375071775 sz\u00e1mon, vagy haszn\u00e1lja az al\u00e1bbi \u0171rlapokat, vagy k\u00fcldj\u00f6n k\u00e9r\u00e9st, hogy sz\u00e1ll\u00e1st foglaljon mobilh\u00e1zainkban vagy kemping\u00fcnkben.<\/h2>\n<\/div><div class=\"fusion-clearfix\"><\/div><\/div><\/div><div class=\"fusion-layout-column fusion_builder_column fusion-builder-column-7 fusion_builder_column_1_2 1_2 fusion-one-half fusion-column-first\" style=\"width:48%; margin-right: 4%;margin-top:0px;margin-bottom:20px;\"><div class=\"fusion-column-wrapper fusion-flex-column-wrapper-legacy\" style=\"background-position:left top;background-repeat:no-repeat;-webkit-background-size:cover;-moz-background-size:cover;-o-background-size:cover;background-size:cover;padding: 0px 0px 0px 0px;\"><div class=\"fusion-aligncenter\"><style type=\"text\/css\">.fusion-button.button-1 {border-radius:2px;}<\/style><a class=\"fusion-button button-flat fusion-button-default-size button-default button-1 fusion-button-default-span fusion-button-default-type\" target=\"_self\" href=\"https:\/\/www.mitari.gr\/reserve-accommodation\/\"><span class=\"fusion-button-text\">Sz\u00e1ll\u00e1sfoglal\u00e1si k\u00e9relem \u0171rlap<\/span><\/a><\/div><div class=\"fusion-clearfix\"><\/div><\/div><\/div><div class=\"fusion-layout-column fusion_builder_column fusion-builder-column-8 fusion_builder_column_1_2 1_2 fusion-one-half fusion-column-last\" style=\"width:48%;margin-top:0px;margin-bottom:20px;\"><div class=\"fusion-column-wrapper fusion-flex-column-wrapper-legacy\" style=\"background-position:left top;background-repeat:no-repeat;-webkit-background-size:cover;-moz-background-size:cover;-o-background-size:cover;background-size:cover;padding: 0px 0px 0px 0px;\"><div class=\"fusion-aligncenter\"><style type=\"text\/css\">.fusion-button.button-2 {border-radius:2px;}<\/style><a class=\"fusion-button button-flat fusion-button-default-size button-default button-2 fusion-button-default-span fusion-button-default-type\" target=\"_self\" href=\"https:\/\/www.mitari.gr\/reserve-camping-place\/\"><span class=\"fusion-button-text\">Kemping foglal\u00e1si \u0171rlap<\/span><\/a><\/div><div class=\"fusion-clearfix\"><\/div><\/div><\/div><\/div><\/div><div class=\"fusion-fullwidth fullwidth-box fusion-builder-row-4 fusion-flex-container nonhundred-percent-fullwidth non-hundred-percent-height-scrolling\" style=\"background-color: rgba(255,255,255,0);background-position: center center;background-repeat: no-repeat;border-width: 0px 0px 0px 0px;border-color:#eae9e9;border-style:solid;\" ><div class=\"fusion-builder-row fusion-row fusion-flex-align-items-flex-start\" style=\"max-width:1144px;margin-left: calc(-4% \/ 2 );margin-right: calc(-4% \/ 2 );\"><div class=\"fusion-layout-column fusion_builder_column fusion-builder-column-9 fusion_builder_column_1_1 1_1 fusion-flex-column\"><div class=\"fusion-column-wrapper fusion-flex-justify-content-flex-start fusion-content-layout-column\" style=\"background-position:left top;background-repeat:no-repeat;-webkit-background-size:cover;-moz-background-size:cover;-o-background-size:cover;background-size:cover;padding: 0px 0px 0px 0px;\"><div class=\"fusion-text fusion-text-9\" style=\"transform:translate3d(0,0,0);\"><p style=\"text-align: center;\"><strong>Turisztikai V\u00e1llalkoz\u00e1sok Nyilv\u00e1ntart\u00e1si Oszt\u00e1lya (MH.T.E.): 0938\u039a200\u03930175101<\/strong><\/p>\n<\/div><\/div><\/div><style type=\"text\/css\">.fusion-body .fusion-builder-column-9{width:100% !important;margin-top : 0px;margin-bottom : 20px;}.fusion-builder-column-9 > .fusion-column-wrapper {padding-top : 0px !important;padding-right : 0px !important;margin-right : 1.92%;padding-bottom : 0px !important;padding-left : 0px !important;margin-left : 1.92%;}@media only screen and (max-width:1024px) {.fusion-body .fusion-builder-column-9{width:100% !important;order : 0;}.fusion-builder-column-9 > .fusion-column-wrapper {margin-right : 1.92%;margin-left : 1.92%;}}@media only screen and (max-width:640px) {.fusion-body .fusion-builder-column-9{width:100% !important;order : 0;}.fusion-builder-column-9 > .fusion-column-wrapper {margin-right : 1.92%;margin-left : 1.92%;}}<\/style><\/div><style type=\"text\/css\">.fusion-body .fusion-flex-container.fusion-builder-row-4{ padding-top : 0px;margin-top : 7%;padding-right : 0px;padding-bottom : 0px;margin-bottom : 12;padding-left : 0px;}<\/style><\/div><div class=\"fusion-fullwidth fullwidth-box fusion-builder-row-5 fusion-flex-container nonhundred-percent-fullwidth non-hundred-percent-height-scrolling\" style=\"background-color: rgba(255,255,255,0);background-position: center center;background-repeat: no-repeat;border-width: 0px 0px 0px 0px;border-color:#eae9e9;border-style:solid;\" ><div class=\"fusion-builder-row fusion-row fusion-flex-align-items-flex-start\" style=\"max-width:1144px;margin-left: calc(-4% \/ 2 );margin-right: calc(-4% \/ 2 );\"><div class=\"fusion-layout-column fusion_builder_column fusion-builder-column-10 fusion_builder_column_1_1 1_1 fusion-flex-column\"><div class=\"fusion-column-wrapper fusion-flex-justify-content-flex-start fusion-content-layout-column\" style=\"background-position:left top;background-repeat:no-repeat;-webkit-background-size:cover;-moz-background-size:cover;-o-background-size:cover;background-size:cover;padding: 0px 0px 0px 0px;\"><div class=\"fusion-text fusion-text-10\" style=\"text-align:center;transform:translate3d(0,0,0);\"><p><strong>Elfogadjuk az \u00f6sszes f\u0151bb hitel- \u00e9s bankk\u00e1rty\u00e1t<\/strong><\/p>\n<\/div><div style=\"text-align:center;\"><span class=\" fusion-imageframe imageframe-none imageframe-1 hover-type-zoomin\"><img decoding=\"async\" width=\"300\" height=\"35\" title=\"we_accept_all_major_credit_cards\" src=\"https:\/\/www.mitari.gr\/wp-content\/uploads\/2021\/04\/we_accept_all_major_credit_cards-2.png\" class=\"img-responsive wp-image-1766\" srcset=\"https:\/\/www.mitari.gr\/wp-content\/uploads\/2021\/04\/we_accept_all_major_credit_cards-2-200x23.png 200w, https:\/\/www.mitari.gr\/wp-content\/uploads\/2021\/04\/we_accept_all_major_credit_cards-2.png 300w\" sizes=\"(max-width: 1024px) 100vw, (max-width: 640px) 100vw, 300px\" \/><\/span><\/div><\/div><\/div><style type=\"text\/css\">.fusion-body .fusion-builder-column-10{width:100% !important;margin-top : 0px;margin-bottom : 20px;}.fusion-builder-column-10 > .fusion-column-wrapper {padding-top : 0px !important;padding-right : 0px !important;margin-right : 1.92%;padding-bottom : 0px !important;padding-left : 0px !important;margin-left : 1.92%;}@media only screen and (max-width:1024px) {.fusion-body .fusion-builder-column-10{width:100% !important;order : 0;}.fusion-builder-column-10 > .fusion-column-wrapper {margin-right : 1.92%;margin-left : 1.92%;}}@media only screen and (max-width:640px) {.fusion-body .fusion-builder-column-10{width:100% !important;order : 0;}.fusion-builder-column-10 > .fusion-column-wrapper {margin-right : 1.92%;margin-left : 1.92%;}}<\/style><\/div><style type=\"text\/css\">.fusion-body .fusion-flex-container.fusion-builder-row-5{ padding-top : 0px;margin-top : 15;padding-right : 0px;padding-bottom : 0px;margin-bottom : 0px;padding-left : 0px;}<\/style><\/div><\/p>\n","protected":false},"excerpt":{"rendered":"","protected":false},"author":1,"featured_media":0,"parent":0,"menu_order":0,"comment_status":"open","ping_status":"open","template":"","meta":{"_mi_skip_tracking":false},"_links":{"self":[{"href":"https:\/\/www.mitari.gr\/hu\/wp-json\/wp\/v2\/pages\/5745"}],"collection":[{"href":"https:\/\/www.mitari.gr\/hu\/wp-json\/wp\/v2\/pages"}],"about":[{"href":"https:\/\/www.mitari.gr\/hu\/wp-json\/wp\/v2\/types\/page"}],"author":[{"embeddable":true,"href":"https:\/\/www.mitari.gr\/hu\/wp-json\/wp\/v2\/users\/1"}],"replies":[{"embeddable":true,"href":"https:\/\/www.mitari.gr\/hu\/wp-json\/wp\/v2\/comments?post=5745"}],"version-history":[{"count":3,"href":"https:\/\/www.mitari.gr\/hu\/wp-json\/wp\/v2\/pages\/5745\/revisions"}],"predecessor-version":[{"id":5748,"href":"https:\/\/www.mitari.gr\/hu\/wp-json\/wp\/v2\/pages\/5745\/revisions\/5748"}],"wp:attachment":[{"href":"https:\/\/www.mitari.gr\/hu\/wp-json\/wp\/v2\/media?parent=5745"}],"curies":[{"name":"wp","href":"https:\/\/api.w.org\/{rel}","templated":true}]}}