{"id":4550,"date":"2015-05-08T10:16:37","date_gmt":"2015-05-08T10:16:37","guid":{"rendered":"https:\/\/www.mitari.gr\/services\/"},"modified":"2021-04-18T15:24:43","modified_gmt":"2021-04-18T15:24:43","slug":"services","status":"publish","type":"page","link":"https:\/\/www.mitari.gr\/ro\/services\/","title":{"rendered":"SERVICII"},"content":{"rendered":"<div class=\"fusion-fullwidth fullwidth-box fusion-builder-row-1 nonhundred-percent-fullwidth non-hundred-percent-height-scrolling\" style=\"background-color: rgba(255,255,255,0);background-position: left top;background-repeat: no-repeat;padding-top:20px;padding-right:0px;padding-bottom:20px;padding-left:0px;margin-bottom: 0px;margin-top: 0px;border-width: 0px 0px 0px 0px;border-color:#eae9e9;border-style:solid;\" ><div class=\"fusion-builder-row fusion-row\"><div class=\"fusion-layout-column fusion_builder_column fusion-builder-column-0 fusion_builder_column_1_1 1_1 fusion-one-full fusion-column-first fusion-column-last fusion-column-no-min-height\" style=\"margin-top:0px;margin-bottom:0px;\"><div class=\"fusion-column-wrapper fusion-flex-column-wrapper-legacy\" style=\"background-position:left top;background-repeat:no-repeat;-webkit-background-size:cover;-moz-background-size:cover;-o-background-size:cover;background-size:cover;padding: 0px 0px 0px 0px;\"><div class=\"fusion-text fusion-text-1\" style=\"transform:translate3d(0,0,0);\"><h1 style=\"text-align: center;\">CE OFERIM<\/h1>\n<\/div><div class=\"fusion-sep-clear\"><\/div><div class=\"fusion-separator fusion-full-width-sep\" style=\"margin-left: auto;margin-right: auto;margin-bottom:30px;width:100%;\"><div class=\"fusion-separator-border sep-single sep-solid\" style=\"border-color:#1e73be;border-top-width:1px;\"><\/div><\/div><div class=\"fusion-sep-clear\"><\/div><div class=\"fusion-text fusion-text-2\" style=\"transform:translate3d(0,0,0);\"><h2 style=\"text-align: center;\">Afla\u021bi despre serviciile noastre care asigur\u0103 vacan\u021be de \u00eenalt\u0103 calitate.<\/h2>\n<\/div><div class=\"fusion-clearfix\"><\/div><\/div><\/div><div class=\"fusion-layout-column fusion_builder_column fusion-builder-column-1 fusion_builder_column_1_1 1_1 fusion-one-full fusion-column-first fusion-column-last fusion-column-no-min-height\" style=\"margin-top:0px;margin-bottom:0px;\"><div class=\"fusion-column-wrapper fusion-flex-column-wrapper-legacy\" style=\"background-position:left top;background-repeat:no-repeat;-webkit-background-size:cover;-moz-background-size:cover;-o-background-size:cover;background-size:cover;padding: 0px 0px 0px 0px;\"><style type=\"text\/css\">.fusion-portfolio-wrapper#fusion-portfolio-1 .fusion-portfolio-content{ padding: 25px 25px 25px 25px; text-align: left; }<\/style><div class=\"fusion-recent-works fusion-portfolio-element fusion-portfolio fusion-portfolio-1 fusion-portfolio-grid fusion-portfolio-paging-none fusion-portfolio-three fusion-portfolio-boxed fusion-portfolio-text fusion-portfolio-rollover\" data-id=\"-rw-1\" data-columns=\"three\"><style type=\"text\/css\">.fusion-portfolio-1 .fusion-portfolio-wrapper .fusion-col-spacing{padding:10px;}<\/style><div class=\"fusion-portfolio-wrapper\" id=\"fusion-portfolio-1\" data-picturesize=\"auto\" data-pages=\"1\" style=\"margin:-10px;\"><article id=\"portfolio-1-post-4455\" class=\"fusion-portfolio-post services-ro fusion-col-spacing post-4455\"><div class=\"fusion-portfolio-content-wrapper\" style=\"border:1px solid #ebeaea;border-bottom-width:3px;background-color:rgba(255,255,255,0);\">\n\n<div  class=\"fusion-image-wrapper\" aria-haspopup=\"true\">\n\t\n\t\n\t\n\t\t\n\t\t\t\t\t<img width=\"540\" height=\"360\" src=\"https:\/\/www.mitari.gr\/wp-content\/uploads\/2018\/06\/pic3-e1551344434934.jpg\" class=\"attachment-full size-full wp-post-image\" alt=\"\" decoding=\"async\" loading=\"lazy\" srcset=\"https:\/\/www.mitari.gr\/wp-content\/uploads\/2018\/06\/pic3-e1551344434934-200x133.jpg 200w, https:\/\/www.mitari.gr\/wp-content\/uploads\/2018\/06\/pic3-e1551344434934-400x267.jpg 400w, https:\/\/www.mitari.gr\/wp-content\/uploads\/2018\/06\/pic3-e1551344434934.jpg 540w\" sizes=\"(min-width: 2200px) 100vw, (min-width: 784px) 353px, (min-width: 712px) 530px, (min-width: 640px) 712px, \" \/>\n\t\n\n\t\t<div class=\"fusion-rollover\">\n\t<div class=\"fusion-rollover-content\">\n\n\t\t\t\t\n\t\t\t\t\n\t\t\t\t\t\t\t\t\n\t\t\t\t\t\t\t\t\n\t\t\n\t\t\t\t<a class=\"fusion-link-wrapper\" href=\"https:\/\/www.mitari.gr\/ro\/portfolio-items\/mountain-bike\/?portfolioCats=236%2C236\" aria-label=\"BICICLET\u0102 DE MUNTE\"><\/a>\n\t<\/div>\n<\/div>\n\n\t\n<\/div>\n<div class=\"fusion-portfolio-content\" style=\"background-color:rgba(255,255,255,0);\"><h2 class=\"fusion-post-title\"><a href=\"https:\/\/www.mitari.gr\/ro\/portfolio-items\/mountain-bike\/?portfolioCats=236%2C236\">BICICLET\u0102 DE MUNTE<\/a><\/h2><div class=\"fusion-portfolio-meta\"><a href=\"https:\/\/www.mitari.gr\/ro\/portfolio_category\/services-ro\/\" rel=\"tag\">Services<\/a><\/div><div class=\"fusion-content-sep sep-double sep-solid\" style=\"border-color:#e0dede;\"><\/div><div class=\"fusion-post-content\"><p> Plimba\u021bi-v\u0103 cu bicicleta sau cu e-bike pe trasee antrenante \u0219i bucura\u021bi-v\u0103 de natura din Mitari.      Exist\u0103 o varietate de plimb\u0103ri pentru a alege  Dificultate u\u0219oar\u0103 \u00a0  <\/p><\/div><\/div><\/div><\/article><article id=\"portfolio-1-post-4475\" class=\"fusion-portfolio-post services-ro fusion-col-spacing post-4475\"><div class=\"fusion-portfolio-content-wrapper\" style=\"border:1px solid #ebeaea;border-bottom-width:3px;background-color:rgba(255,255,255,0);\">\n\n<div  class=\"fusion-image-wrapper\" aria-haspopup=\"true\">\n\t\n\t\n\t\n\t\t\n\t\t\t\t\t<img width=\"640\" height=\"360\" src=\"https:\/\/www.mitari.gr\/wp-content\/uploads\/2015\/05\/activities-featured-image.jpg\" class=\"attachment-full size-full wp-post-image\" alt=\"\" decoding=\"async\" loading=\"lazy\" srcset=\"https:\/\/www.mitari.gr\/wp-content\/uploads\/2015\/05\/activities-featured-image-200x113.jpg 200w, https:\/\/www.mitari.gr\/wp-content\/uploads\/2015\/05\/activities-featured-image-400x225.jpg 400w, https:\/\/www.mitari.gr\/wp-content\/uploads\/2015\/05\/activities-featured-image-600x338.jpg 600w, https:\/\/www.mitari.gr\/wp-content\/uploads\/2015\/05\/activities-featured-image.jpg 640w\" sizes=\"(min-width: 2200px) 100vw, (min-width: 784px) 353px, (min-width: 712px) 530px, (min-width: 640px) 712px, \" \/>\n\t\n\n\t\t<div class=\"fusion-rollover\">\n\t<div class=\"fusion-rollover-content\">\n\n\t\t\t\t\n\t\t\t\t\n\t\t\t\t\t\t\t\t\n\t\t\t\t\t\t\t\t\n\t\t\n\t\t\t\t<a class=\"fusion-link-wrapper\" href=\"https:\/\/www.mitari.gr\/ro\/portfolio-items\/activities\/?portfolioCats=236%2C236\" aria-label=\"ACTIVIT\u0102\u021aI\"><\/a>\n\t<\/div>\n<\/div>\n\n\t\n<\/div>\n<div class=\"fusion-portfolio-content\" style=\"background-color:rgba(255,255,255,0);\"><h2 class=\"fusion-post-title\"><a href=\"https:\/\/www.mitari.gr\/ro\/portfolio-items\/activities\/?portfolioCats=236%2C236\">ACTIVIT\u0102\u021aI<\/a><\/h2><div class=\"fusion-portfolio-meta\"><a href=\"https:\/\/www.mitari.gr\/ro\/portfolio_category\/services-ro\/\" rel=\"tag\">Services<\/a><\/div><div class=\"fusion-content-sep sep-double sep-solid\" style=\"border-color:#e0dede;\"><\/div><div class=\"fusion-post-content\"><p>V\u0103 punem la dispozi\u021bie o gam\u0103 larg\u0103 de activit\u0103\u021bi pentru ca \u0219ederea dumneavoastr\u0103 s\u0103 fie \u0219i mai pl\u0103cut\u0103!<\/p><\/div><\/div><\/div><\/article><article id=\"portfolio-1-post-4523\" class=\"fusion-portfolio-post services-ro fusion-col-spacing post-4523\"><div class=\"fusion-portfolio-content-wrapper\" style=\"border:1px solid #ebeaea;border-bottom-width:3px;background-color:rgba(255,255,255,0);\">\n\n<div  class=\"fusion-image-wrapper\" aria-haspopup=\"true\">\n\t\n\t\n\t\n\t\t\n\t\t\t\t\t<img width=\"640\" height=\"360\" src=\"https:\/\/www.mitari.gr\/wp-content\/uploads\/2015\/05\/bar-2.jpg\" class=\"attachment-full size-full wp-post-image\" alt=\"\" decoding=\"async\" loading=\"lazy\" srcset=\"https:\/\/www.mitari.gr\/wp-content\/uploads\/2015\/05\/bar-2-200x113.jpg 200w, https:\/\/www.mitari.gr\/wp-content\/uploads\/2015\/05\/bar-2-400x225.jpg 400w, https:\/\/www.mitari.gr\/wp-content\/uploads\/2015\/05\/bar-2-600x338.jpg 600w, https:\/\/www.mitari.gr\/wp-content\/uploads\/2015\/05\/bar-2.jpg 640w\" sizes=\"(min-width: 2200px) 100vw, (min-width: 784px) 353px, (min-width: 712px) 530px, (min-width: 640px) 712px, \" \/>\n\t\n\n\t\t<div class=\"fusion-rollover\">\n\t<div class=\"fusion-rollover-content\">\n\n\t\t\t\t\n\t\t\t\t\n\t\t\t\t\t\t\t\t\n\t\t\t\t\t\t\t\t\n\t\t\n\t\t\t\t<a class=\"fusion-link-wrapper\" href=\"https:\/\/www.mitari.gr\/ro\/portfolio-items\/facilities\/?portfolioCats=236%2C236\" aria-label=\"FACILIT\u0102\u021aI\"><\/a>\n\t<\/div>\n<\/div>\n\n\t\n<\/div>\n<div class=\"fusion-portfolio-content\" style=\"background-color:rgba(255,255,255,0);\"><h2 class=\"fusion-post-title\"><a href=\"https:\/\/www.mitari.gr\/ro\/portfolio-items\/facilities\/?portfolioCats=236%2C236\">FACILIT\u0102\u021aI<\/a><\/h2><div class=\"fusion-portfolio-meta\"><a href=\"https:\/\/www.mitari.gr\/ro\/portfolio_category\/services-ro\/\" rel=\"tag\">Services<\/a><\/div><div class=\"fusion-content-sep sep-double sep-solid\" style=\"border-color:#e0dede;\"><\/div><div class=\"fusion-post-content\"><p>Am proiectat facilit\u0103\u021bile noastre pentru a v\u0103 maximiza confortul \u0219i pentru a v\u0103 oferi o experien\u021b\u0103 de vacan\u021b\u0103 de neuitat!<\/p><\/div><\/div><\/div><\/article><\/div><\/div><div class=\"fusion-clearfix\"><\/div><\/div><\/div><\/div><\/div>\n","protected":false},"excerpt":{"rendered":"","protected":false},"author":1,"featured_media":0,"parent":0,"menu_order":0,"comment_status":"open","ping_status":"open","template":"","meta":{"_mi_skip_tracking":false},"_links":{"self":[{"href":"https:\/\/www.mitari.gr\/ro\/wp-json\/wp\/v2\/pages\/4550"}],"collection":[{"href":"https:\/\/www.mitari.gr\/ro\/wp-json\/wp\/v2\/pages"}],"about":[{"href":"https:\/\/www.mitari.gr\/ro\/wp-json\/wp\/v2\/types\/page"}],"author":[{"embeddable":true,"href":"https:\/\/www.mitari.gr\/ro\/wp-json\/wp\/v2\/users\/1"}],"replies":[{"embeddable":true,"href":"https:\/\/www.mitari.gr\/ro\/wp-json\/wp\/v2\/comments?post=4550"}],"version-history":[{"count":4,"href":"https:\/\/www.mitari.gr\/ro\/wp-json\/wp\/v2\/pages\/4550\/revisions"}],"predecessor-version":[{"id":4563,"href":"https:\/\/www.mitari.gr\/ro\/wp-json\/wp\/v2\/pages\/4550\/revisions\/4563"}],"wp:attachment":[{"href":"https:\/\/www.mitari.gr\/ro\/wp-json\/wp\/v2\/media?parent=4550"}],"curies":[{"name":"wp","href":"https:\/\/api.w.org\/{rel}","templated":true}]}}