{"id":4673,"date":"2021-04-20T05:52:23","date_gmt":"2021-04-20T05:52:23","guid":{"rendered":"https:\/\/www.mitari.gr\/contactati-ne\/"},"modified":"2021-04-20T05:53:47","modified_gmt":"2021-04-20T05:53:47","slug":"contactati-ne","status":"publish","type":"page","link":"https:\/\/www.mitari.gr\/ro\/contactati-ne\/","title":{"rendered":"contacta\u021bi-ne"},"content":{"rendered":"<div class=\"fusion-fullwidth fullwidth-box fusion-builder-row-1 hundred-percent-fullwidth non-hundred-percent-height-scrolling\" style=\"background-color: rgba(255,255,255,0);background-position: center center;background-repeat: no-repeat;padding-top:0px;padding-right:0px;padding-bottom:0px;padding-left:0px;margin-bottom: 0px;margin-top: 0px;border-width: 0px 0px 0px 0px;border-color:#eae9e9;border-style:solid;\" ><div class=\"fusion-builder-row fusion-row\"><div class=\"fusion-layout-column fusion_builder_column fusion-builder-column-0 fusion_builder_column_1_1 1_1 fusion-one-full fusion-column-first fusion-column-last\" style=\"margin-top:0px;margin-bottom:20px;\"><div class=\"fusion-column-wrapper fusion-flex-column-wrapper-legacy\" style=\"background-position:left top;background-repeat:no-repeat;-webkit-background-size:cover;-moz-background-size:cover;-o-background-size:cover;background-size:cover;padding: 0px 0px 0px 0px;\"><div class=\"fusion-text fusion-text-1\" style=\"transform:translate3d(0,0,0);\"><h3>Loca\u021bie<\/h3>\n<p>Mitari este un camping pe malul m\u0103rii \u00een Elia Nikiti, una dintre cele mai frumoase \u0219i mai cunoscute loca\u021bii din Sithonia, Halkidiki. Salonic se afl\u0103 la 115 km, iar Nea Moudania la 50 km.<\/p>\n<p>Ne pute\u021bi contacta direct prin telefon, e-mail sau folosind formularul de mai jos.<\/p>\n<p>&nbsp;<\/p>\n<\/div><div class=\"fusion-clearfix\"><\/div><\/div><\/div><div class=\"fusion-layout-column fusion_builder_column fusion-builder-column-1 fusion_builder_column_1_1 1_1 fusion-one-full fusion-column-first fusion-column-last\" style=\"margin-top:0px;margin-bottom:20px;\"><div class=\"fusion-column-wrapper fusion-flex-column-wrapper-legacy\" style=\"background-position:left top;background-repeat:no-repeat;-webkit-background-size:cover;-moz-background-size:cover;-o-background-size:cover;background-size:cover;padding: 0px 0px 0px 0px;\"><div class=\"fusion-text fusion-text-2\" style=\"transform:translate3d(0,0,0);\"><h3>Detalii de contact:<\/h3>\n<p>Adres\u0103: Elia Nikiti &#8211; Chalkidiki, 63088<\/p>\n<p>Telefon: +30 2375071775<\/p>\n<p>e-mail: info@mitari.gr<\/p>\n<p><strong>V\u0103 rug\u0103m s\u0103 completa\u021bi formularul \u00een limba englez\u0103.<\/strong><\/p>\n<\/div><div class=\"fusion-clearfix\"><\/div><\/div><\/div><div class=\"fusion-layout-column fusion_builder_column fusion-builder-column-2 fusion_builder_column_1_1 1_1 fusion-one-full fusion-column-first fusion-column-last fusion-column-no-min-height\" style=\"margin-top:0px;margin-bottom:0px;\"><div class=\"fusion-column-wrapper fusion-flex-column-wrapper-legacy\" style=\"background-position:left top;background-repeat:no-repeat;-webkit-background-size:cover;-moz-background-size:cover;-o-background-size:cover;background-size:cover;padding: 0px 0px 0px 0px;\"><style>.fusion-form-1333 .fusion-form-tooltip .fusion-form-tooltip-content{color:#ffffff !important;background-color:#333333 !important;border-color:#333333 !important;}<\/style><div class=\"fusion-form fusion-form-builder fusion-form-form-wrapper fusion-form-4813\" data-form-id=\"4813\"><form action=\"https:\/\/www.mitari.gr\/ro\/contactati-ne\/\" method=\"post\" class=\"fusion-form fusion-form-1333\"><div class=\"fusion-fullwidth fullwidth-box fusion-builder-row-1-1 fusion-flex-container nonhundred-percent-fullwidth non-hundred-percent-height-scrolling\" style=\"background-color: rgba(255,255,255,0);background-position: center center;background-repeat: no-repeat;border-width: 0px 0px 0px 0px;border-color:#eae9e9;border-style:solid;\" ><div class=\"fusion-builder-row fusion-row fusion-flex-align-items-flex-start\" style=\"width:104% !important;max-width:104% !important;margin-left: calc(-4% \/ 2 );margin-right: calc(-4% \/ 2 );\"><div class=\"fusion-layout-column fusion_builder_column fusion-builder-column-3 fusion_builder_column_1_3 1_3 fusion-flex-column\"><div class=\"fusion-column-wrapper fusion-flex-justify-content-flex-start fusion-content-layout-column\" style=\"background-position:left top;background-repeat:no-repeat;-webkit-background-size:cover;-moz-background-size:cover;-o-background-size:cover;background-size:cover;padding: 0px 0px 0px 0px;\"><div class=\"fusion-form-field fusion-form-text-field fusion-form-label-above\" data-form-id=\"1333\"><div class=\"fusion-form-label-wrapper\"><label for=\"your_name\">Your name <abbr class=\"fusion-form-element-required\" title=\"required\">*<\/abbr><\/label><\/div><div class=\"fusion-form-input-with-icon\"><i class=\"fa-address-book fas\"><\/i><input type=\"text\" name=\"your_name\" value=\"\"  class=\"fusion-form-input\" required=\"true\" aria-required=\"true\" data-holds-private-data=\"false\"\/><\/div><\/div><\/div><\/div><style type=\"text\/css\">.fusion-body .fusion-builder-column-3{width:33.333333333333% !important;margin-top : 0px;margin-bottom : 0px;}.fusion-builder-column-3 > .fusion-column-wrapper {padding-top : 0px !important;padding-right : 0px !important;margin-right : 5.76%;padding-bottom : 0px !important;padding-left : 0px !important;margin-left : 5.76%;}@media only screen and (max-width:1024px) {.fusion-body .fusion-builder-column-3{width:100% !important;order : 0;}.fusion-builder-column-3 > .fusion-column-wrapper {margin-right : 1.92%;margin-left : 1.92%;}}@media only screen and (max-width:640px) {.fusion-body .fusion-builder-column-3{width:100% !important;order : 0;}.fusion-builder-column-3 > .fusion-column-wrapper {margin-right : 1.92%;margin-left : 1.92%;}}<\/style><div class=\"fusion-layout-column fusion_builder_column fusion-builder-column-4 fusion_builder_column_1_3 1_3 fusion-flex-column\"><div class=\"fusion-column-wrapper fusion-flex-justify-content-flex-start fusion-content-layout-column\" style=\"background-position:left top;background-repeat:no-repeat;-webkit-background-size:cover;-moz-background-size:cover;-o-background-size:cover;background-size:cover;padding: 0px 0px 0px 0px;\"><div class=\"fusion-form-field fusion-form-phone-number-field fusion-form-label-above\" data-form-id=\"1333\"><div class=\"fusion-form-label-wrapper\"><label for=\"phone_number\">Phone number<\/label><\/div><div class=\"fusion-form-input-with-icon\"><i class=\"fa-phone fas\"><\/i><input type=\"phone-number\" name=\"phone_number\" value=\"\"  class=\"fusion-form-input\" data-holds-private-data=\"false\" pattern=\"[0-9()#&+*-=.]+\" title=\"Only numbers and phone characters are accepted.\"\/><\/div><\/div><\/div><\/div><style type=\"text\/css\">.fusion-body .fusion-builder-column-4{width:33.333333333333% !important;margin-top : 0px;margin-bottom : 0px;}.fusion-builder-column-4 > .fusion-column-wrapper {padding-top : 0px !important;padding-right : 0px !important;margin-right : 5.76%;padding-bottom : 0px !important;padding-left : 0px !important;margin-left : 5.76%;}@media only screen and (max-width:1024px) {.fusion-body .fusion-builder-column-4{width:100% !important;order : 0;}.fusion-builder-column-4 > .fusion-column-wrapper {margin-right : 1.92%;margin-left : 1.92%;}}@media only screen and (max-width:640px) {.fusion-body .fusion-builder-column-4{width:100% !important;order : 0;}.fusion-builder-column-4 > .fusion-column-wrapper {margin-right : 1.92%;margin-left : 1.92%;}}<\/style><div class=\"fusion-layout-column fusion_builder_column fusion-builder-column-5 fusion_builder_column_1_3 1_3 fusion-flex-column\"><div class=\"fusion-column-wrapper fusion-flex-justify-content-flex-start fusion-content-layout-column\" style=\"background-position:left top;background-repeat:no-repeat;-webkit-background-size:cover;-moz-background-size:cover;-o-background-size:cover;background-size:cover;padding: 0px 0px 0px 0px;\"><div class=\"fusion-form-field fusion-form-email-field fusion-form-label-above\" data-form-id=\"1333\"><div class=\"fusion-form-label-wrapper\"><label for=\"your_email\">Your email <abbr class=\"fusion-form-element-required\" title=\"required\">*<\/abbr><\/label><\/div><input type=\"email\" name=\"your_email\" value=\"\"  class=\"fusion-form-input\" required=\"true\" aria-required=\"true\" data-holds-private-data=\"false\"\/><\/div><\/div><\/div><style type=\"text\/css\">.fusion-body .fusion-builder-column-5{width:33.333333333333% !important;margin-top : 0px;margin-bottom : 20px;}.fusion-builder-column-5 > .fusion-column-wrapper {padding-top : 0px !important;padding-right : 0px !important;margin-right : 5.76%;padding-bottom : 0px !important;padding-left : 0px !important;margin-left : 5.76%;}@media only screen and (max-width:1024px) {.fusion-body .fusion-builder-column-5{width:100% !important;order : 0;}.fusion-builder-column-5 > .fusion-column-wrapper {margin-right : 1.92%;margin-left : 1.92%;}}@media only screen and (max-width:640px) {.fusion-body .fusion-builder-column-5{width:100% !important;order : 0;}.fusion-builder-column-5 > .fusion-column-wrapper {margin-right : 1.92%;margin-left : 1.92%;}}<\/style><div class=\"fusion-layout-column fusion_builder_column fusion-builder-column-6 fusion_builder_column_1_1 1_1 fusion-flex-column\"><div class=\"fusion-column-wrapper fusion-flex-justify-content-flex-start fusion-content-layout-column\" style=\"background-position:left top;background-repeat:no-repeat;-webkit-background-size:cover;-moz-background-size:cover;-o-background-size:cover;background-size:cover;padding: 0px 0px 0px 0px;\"><div class=\"fusion-form-field fusion-form-textarea-field fusion-form-label-above\" data-form-id=\"1333\"><label for=\"note\">Additional note<\/label><textarea cols=\"40\" rows=\"4\" tabindex=\"\" id=\"note\" name=\"note\" class=\"fusion-form-input\" data-holds-private-data=\"false\"><\/textarea><\/div><div class=\"fusion-form-field fusion-form-submit-field fusion-form-label-above\" data-form-id=\"1333\"><input type=\"hidden\" value=\"info@mitari.gr\" name=\"fusion_form_email\" \/><input type=\"hidden\" value=\"Mitari Camping\" name=\"fusion_form_email_from\" \/><input type=\"hidden\" value=\"wordpress@mitari.gr\" name=\"fusion_form_email_from_id\" \/><input type=\"hidden\" value=\"Mitari camping general contact form\" name=\"fusion_form_email_subject\" \/><input type=\"hidden\" value=\"0\" name=\"fusion_form_email_subject_encode\" \/><div style=\"text-align:center;\"><style type=\"text\/css\">.fusion-button.button-1 {border-radius:2px;}<\/style><button type=\"submit\" class=\"fusion-button button-flat button-xlarge button-default button-1 fusion-button-span-yes  form-form-submit button-default\" data-form-number=\"1333\" tabindex=\"\"><span class=\"fusion-button-text\">Submit<\/span><\/button><\/div><\/div><\/div><\/div><style type=\"text\/css\">.fusion-body .fusion-builder-column-6{width:100% !important;margin-top : 0px;margin-bottom : 0px;}.fusion-builder-column-6 > .fusion-column-wrapper {padding-top : 0px !important;padding-right : 0px !important;margin-right : 1.92%;padding-bottom : 0px !important;padding-left : 0px !important;margin-left : 1.92%;}@media only screen and (max-width:1024px) {.fusion-body .fusion-builder-column-6{width:100% !important;order : 0;}.fusion-builder-column-6 > .fusion-column-wrapper {margin-right : 1.92%;margin-left : 1.92%;}}@media only screen and (max-width:640px) {.fusion-body .fusion-builder-column-6{width:100% !important;order : 0;}.fusion-builder-column-6 > .fusion-column-wrapper {margin-right : 1.92%;margin-left : 1.92%;}}<\/style><\/div><style type=\"text\/css\">.fusion-body .fusion-flex-container.fusion-builder-row-1-1{ padding-top : 0px;margin-top : 0px;padding-right : 0px;padding-bottom : 0px;margin-bottom : 0px;padding-left : 0px;}<\/style><\/div><input type=\"hidden\" name=\"fusion_privacy_store_ip_ua\" value=\"false\"><input type=\"hidden\" name=\"fusion_privacy_expiration_interval\" value=\"48\"><input type=\"hidden\" name=\"privacy_expiration_action\" value=\"anonymize\"><\/form><\/div><script>var formCreatorConfig_1333 = {\"form_id\":\"1333\",\"form_post_id\":4813,\"post_id\":4673,\"form_type\":\"database_email\",\"confirmation_type\":\"redirect\",\"redirect_url\":\"https:\\\/\\\/www.mitari.gr\\\/thank-you-for-contacting-us-general\\\/\",\"field_labels\":{\"your_name\":\"Your name\",\"phone_number\":\"Phone number\",\"your_email\":\"Your email\",\"note\":\"Additional note\"}};<\/script><div class=\"fusion-clearfix\"><\/div><\/div><\/div><\/div><style type=\"text\/css\">.fusion-fullwidth.fusion-builder-row-1 { overflow:visible; }<\/style><\/div>\n","protected":false},"excerpt":{"rendered":"","protected":false},"author":1,"featured_media":0,"parent":0,"menu_order":0,"comment_status":"open","ping_status":"open","template":"","meta":{"_mi_skip_tracking":false},"_links":{"self":[{"href":"https:\/\/www.mitari.gr\/ro\/wp-json\/wp\/v2\/pages\/4673"}],"collection":[{"href":"https:\/\/www.mitari.gr\/ro\/wp-json\/wp\/v2\/pages"}],"about":[{"href":"https:\/\/www.mitari.gr\/ro\/wp-json\/wp\/v2\/types\/page"}],"author":[{"embeddable":true,"href":"https:\/\/www.mitari.gr\/ro\/wp-json\/wp\/v2\/users\/1"}],"replies":[{"embeddable":true,"href":"https:\/\/www.mitari.gr\/ro\/wp-json\/wp\/v2\/comments?post=4673"}],"version-history":[{"count":5,"href":"https:\/\/www.mitari.gr\/ro\/wp-json\/wp\/v2\/pages\/4673\/revisions"}],"predecessor-version":[{"id":4678,"href":"https:\/\/www.mitari.gr\/ro\/wp-json\/wp\/v2\/pages\/4673\/revisions\/4678"}],"wp:attachment":[{"href":"https:\/\/www.mitari.gr\/ro\/wp-json\/wp\/v2\/media?parent=4673"}],"curies":[{"name":"wp","href":"https:\/\/api.w.org\/{rel}","templated":true}]}}