{"id":4552,"date":"2015-05-08T10:16:37","date_gmt":"2015-05-08T10:16:37","guid":{"rendered":"https:\/\/www.mitari.gr\/services\/"},"modified":"2021-04-21T16:26:17","modified_gmt":"2021-04-21T16:26:17","slug":"services","status":"publish","type":"page","link":"https:\/\/www.mitari.gr\/sr\/services\/","title":{"rendered":"NA\u0160E USLUGE"},"content":{"rendered":"<div class=\"fusion-fullwidth fullwidth-box fusion-builder-row-1 nonhundred-percent-fullwidth non-hundred-percent-height-scrolling\" style=\"background-color: rgba(255,255,255,0);background-position: left top;background-repeat: no-repeat;padding-top:20px;padding-right:0px;padding-bottom:20px;padding-left:0px;margin-bottom: 0px;margin-top: 0px;border-width: 0px 0px 0px 0px;border-color:#eae9e9;border-style:solid;\" ><div class=\"fusion-builder-row fusion-row\"><div class=\"fusion-layout-column fusion_builder_column fusion-builder-column-0 fusion_builder_column_1_1 1_1 fusion-one-full fusion-column-first fusion-column-last fusion-column-no-min-height\" style=\"margin-top:0px;margin-bottom:0px;\"><div class=\"fusion-column-wrapper fusion-flex-column-wrapper-legacy\" style=\"background-position:left top;background-repeat:no-repeat;-webkit-background-size:cover;-moz-background-size:cover;-o-background-size:cover;background-size:cover;padding: 0px 0px 0px 0px;\"><div class=\"fusion-text fusion-text-1\" style=\"transform:translate3d(0,0,0);\"><h1 style=\"text-align: center; font-size: 36px !important;\">STA NUDIMO<\/h1>\n<\/div><div class=\"fusion-sep-clear\"><\/div><div class=\"fusion-separator fusion-full-width-sep\" style=\"margin-left: auto;margin-right: auto;margin-bottom:30px;width:100%;\"><div class=\"fusion-separator-border sep-single sep-solid\" style=\"border-color:#1e73be;border-top-width:1px;\"><\/div><\/div><div class=\"fusion-sep-clear\"><\/div><div class=\"fusion-text fusion-text-2\" style=\"transform:translate3d(0,0,0);\"><h2 style=\"text-align: center;\">usluge koje osiguravaju kvalitetan smestaj<\/h2>\n<\/div><div class=\"fusion-clearfix\"><\/div><\/div><\/div><div class=\"fusion-layout-column fusion_builder_column fusion-builder-column-1 fusion_builder_column_1_1 1_1 fusion-one-full fusion-column-first fusion-column-last fusion-column-no-min-height\" style=\"margin-top:0px;margin-bottom:0px;\"><div class=\"fusion-column-wrapper fusion-flex-column-wrapper-legacy\" style=\"background-position:left top;background-repeat:no-repeat;-webkit-background-size:cover;-moz-background-size:cover;-o-background-size:cover;background-size:cover;padding: 0px 0px 0px 0px;\"><style type=\"text\/css\">.fusion-portfolio-wrapper#fusion-portfolio-1 .fusion-portfolio-content{ padding: 25px 25px 25px 25px; text-align: left; }<\/style><div class=\"fusion-recent-works fusion-portfolio-element fusion-portfolio fusion-portfolio-1 fusion-portfolio-grid fusion-portfolio-paging-none fusion-portfolio-three fusion-portfolio-boxed fusion-portfolio-text fusion-portfolio-rollover\" data-id=\"-rw-1\" data-columns=\"three\"><style type=\"text\/css\">.fusion-portfolio-1 .fusion-portfolio-wrapper .fusion-col-spacing{padding:10px;}<\/style><div class=\"fusion-portfolio-wrapper\" id=\"fusion-portfolio-1\" data-picturesize=\"auto\" data-pages=\"1\" style=\"margin:-10px;\"><article id=\"portfolio-1-post-4457\" class=\"fusion-portfolio-post services-sr fusion-col-spacing post-4457\"><div class=\"fusion-portfolio-content-wrapper\" style=\"border:1px solid #ebeaea;border-bottom-width:3px;background-color:rgba(255,255,255,0);\">\n\n<div  class=\"fusion-image-wrapper\" aria-haspopup=\"true\">\n\t\n\t\n\t\n\t\t\n\t\t\t\t\t<img width=\"540\" height=\"360\" src=\"https:\/\/www.mitari.gr\/wp-content\/uploads\/2018\/06\/pic3-e1551344434934.jpg\" class=\"attachment-full size-full wp-post-image\" alt=\"\" decoding=\"async\" loading=\"lazy\" srcset=\"https:\/\/www.mitari.gr\/wp-content\/uploads\/2018\/06\/pic3-e1551344434934-200x133.jpg 200w, https:\/\/www.mitari.gr\/wp-content\/uploads\/2018\/06\/pic3-e1551344434934-400x267.jpg 400w, https:\/\/www.mitari.gr\/wp-content\/uploads\/2018\/06\/pic3-e1551344434934.jpg 540w\" sizes=\"(min-width: 2200px) 100vw, (min-width: 784px) 353px, (min-width: 712px) 530px, (min-width: 640px) 712px, \" \/>\n\t\n\n\t\t<div class=\"fusion-rollover\">\n\t<div class=\"fusion-rollover-content\">\n\n\t\t\t\t\n\t\t\t\t\n\t\t\t\t\t\t\t\t\n\t\t\t\t\t\t\t\t\n\t\t\n\t\t\t\t<a class=\"fusion-link-wrapper\" href=\"https:\/\/www.mitari.gr\/sr\/portfolio-items\/mountain-bike\/?portfolioCats=243%2C243\" aria-label=\"Planiski Biciclizam\"><\/a>\n\t<\/div>\n<\/div>\n\n\t\n<\/div>\n<div class=\"fusion-portfolio-content\" style=\"background-color:rgba(255,255,255,0);\"><h2 class=\"fusion-post-title\"><a href=\"https:\/\/www.mitari.gr\/sr\/portfolio-items\/mountain-bike\/?portfolioCats=243%2C243\">Planiski Biciclizam<\/a><\/h2><div class=\"fusion-portfolio-meta\"><a href=\"https:\/\/www.mitari.gr\/sr\/portfolio_category\/services-sr\/\" rel=\"tag\">Services<\/a><\/div><div class=\"fusion-content-sep sep-double sep-solid\" style=\"border-color:#e0dede;\"><\/div><div class=\"fusion-post-content\"><p> Jedinstveno biciklisti\u010dko iskustvo vozite svoj bicikl ili e-bicikl uzbudljvim stazama i u\u017eivajte u prirodi Mitarija.      Na raspolaganju su razne rute  Lako     Srednja te\u017eina <\/p><\/div><\/div><\/div><\/article><article id=\"portfolio-1-post-4477\" class=\"fusion-portfolio-post services-sr fusion-col-spacing post-4477\"><div class=\"fusion-portfolio-content-wrapper\" style=\"border:1px solid #ebeaea;border-bottom-width:3px;background-color:rgba(255,255,255,0);\">\n\n<div  class=\"fusion-image-wrapper\" aria-haspopup=\"true\">\n\t\n\t\n\t\n\t\t\n\t\t\t\t\t<img width=\"640\" height=\"360\" src=\"https:\/\/www.mitari.gr\/wp-content\/uploads\/2015\/05\/activities-featured-image.jpg\" class=\"attachment-full size-full wp-post-image\" alt=\"\" decoding=\"async\" loading=\"lazy\" srcset=\"https:\/\/www.mitari.gr\/wp-content\/uploads\/2015\/05\/activities-featured-image-200x113.jpg 200w, https:\/\/www.mitari.gr\/wp-content\/uploads\/2015\/05\/activities-featured-image-400x225.jpg 400w, https:\/\/www.mitari.gr\/wp-content\/uploads\/2015\/05\/activities-featured-image-600x338.jpg 600w, https:\/\/www.mitari.gr\/wp-content\/uploads\/2015\/05\/activities-featured-image.jpg 640w\" sizes=\"(min-width: 2200px) 100vw, (min-width: 784px) 353px, (min-width: 712px) 530px, (min-width: 640px) 712px, \" \/>\n\t\n\n\t\t<div class=\"fusion-rollover\">\n\t<div class=\"fusion-rollover-content\">\n\n\t\t\t\t\n\t\t\t\t\n\t\t\t\t\t\t\t\t\n\t\t\t\t\t\t\t\t\n\t\t\n\t\t\t\t<a class=\"fusion-link-wrapper\" href=\"https:\/\/www.mitari.gr\/sr\/portfolio-items\/activities\/?portfolioCats=243%2C243\" aria-label=\"Aktivnost\"><\/a>\n\t<\/div>\n<\/div>\n\n\t\n<\/div>\n<div class=\"fusion-portfolio-content\" style=\"background-color:rgba(255,255,255,0);\"><h2 class=\"fusion-post-title\"><a href=\"https:\/\/www.mitari.gr\/sr\/portfolio-items\/activities\/?portfolioCats=243%2C243\">Aktivnost<\/a><\/h2><div class=\"fusion-portfolio-meta\"><a href=\"https:\/\/www.mitari.gr\/sr\/portfolio_category\/services-sr\/\" rel=\"tag\">Services<\/a><\/div><div class=\"fusion-content-sep sep-double sep-solid\" style=\"border-color:#e0dede;\"><\/div><div class=\"fusion-post-content\"><p>Va\u0161 boravak postaje jo\u0161 zabavniji i zanimljiviji kroz aktivnosti koje vam nudimo!<\/p><\/div><\/div><\/div><\/article><article id=\"portfolio-1-post-4525\" class=\"fusion-portfolio-post services-sr fusion-col-spacing post-4525\"><div class=\"fusion-portfolio-content-wrapper\" style=\"border:1px solid #ebeaea;border-bottom-width:3px;background-color:rgba(255,255,255,0);\">\n\n<div  class=\"fusion-image-wrapper\" aria-haspopup=\"true\">\n\t\n\t\n\t\n\t\t\n\t\t\t\t\t<img width=\"640\" height=\"360\" src=\"https:\/\/www.mitari.gr\/wp-content\/uploads\/2015\/05\/bar-2.jpg\" class=\"attachment-full size-full wp-post-image\" alt=\"\" decoding=\"async\" loading=\"lazy\" srcset=\"https:\/\/www.mitari.gr\/wp-content\/uploads\/2015\/05\/bar-2-200x113.jpg 200w, https:\/\/www.mitari.gr\/wp-content\/uploads\/2015\/05\/bar-2-400x225.jpg 400w, https:\/\/www.mitari.gr\/wp-content\/uploads\/2015\/05\/bar-2-600x338.jpg 600w, https:\/\/www.mitari.gr\/wp-content\/uploads\/2015\/05\/bar-2.jpg 640w\" sizes=\"(min-width: 2200px) 100vw, (min-width: 784px) 353px, (min-width: 712px) 530px, (min-width: 640px) 712px, \" \/>\n\t\n\n\t\t<div class=\"fusion-rollover\">\n\t<div class=\"fusion-rollover-content\">\n\n\t\t\t\t\n\t\t\t\t\n\t\t\t\t\t\t\t\t\n\t\t\t\t\t\t\t\t\n\t\t\n\t\t\t\t<a class=\"fusion-link-wrapper\" href=\"https:\/\/www.mitari.gr\/sr\/portfolio-items\/facilities\/?portfolioCats=243%2C243\" aria-label=\"Objekti\"><\/a>\n\t<\/div>\n<\/div>\n\n\t\n<\/div>\n<div class=\"fusion-portfolio-content\" style=\"background-color:rgba(255,255,255,0);\"><h2 class=\"fusion-post-title\"><a href=\"https:\/\/www.mitari.gr\/sr\/portfolio-items\/facilities\/?portfolioCats=243%2C243\">Objekti<\/a><\/h2><div class=\"fusion-portfolio-meta\"><a href=\"https:\/\/www.mitari.gr\/sr\/portfolio_category\/services-sr\/\" rel=\"tag\">Services<\/a><\/div><div class=\"fusion-content-sep sep-double sep-solid\" style=\"border-color:#e0dede;\"><\/div><div class=\"fusion-post-content\"><p>Osmislili smo na\u0161e sadr\u017eaje kako bismo maksimizirali va\u0161u udobnost i ponudili vam nezaboravno iskustvo odmora!<\/p><\/div><\/div><\/div><\/article><\/div><\/div><div class=\"fusion-clearfix\"><\/div><\/div><\/div><\/div><\/div>\n","protected":false},"excerpt":{"rendered":"","protected":false},"author":1,"featured_media":0,"parent":0,"menu_order":0,"comment_status":"open","ping_status":"open","template":"","meta":{"_mi_skip_tracking":false},"_links":{"self":[{"href":"https:\/\/www.mitari.gr\/sr\/wp-json\/wp\/v2\/pages\/4552"}],"collection":[{"href":"https:\/\/www.mitari.gr\/sr\/wp-json\/wp\/v2\/pages"}],"about":[{"href":"https:\/\/www.mitari.gr\/sr\/wp-json\/wp\/v2\/types\/page"}],"author":[{"embeddable":true,"href":"https:\/\/www.mitari.gr\/sr\/wp-json\/wp\/v2\/users\/1"}],"replies":[{"embeddable":true,"href":"https:\/\/www.mitari.gr\/sr\/wp-json\/wp\/v2\/comments?post=4552"}],"version-history":[{"count":4,"href":"https:\/\/www.mitari.gr\/sr\/wp-json\/wp\/v2\/pages\/4552\/revisions"}],"predecessor-version":[{"id":4763,"href":"https:\/\/www.mitari.gr\/sr\/wp-json\/wp\/v2\/pages\/4552\/revisions\/4763"}],"wp:attachment":[{"href":"https:\/\/www.mitari.gr\/sr\/wp-json\/wp\/v2\/media?parent=4552"}],"curies":[{"name":"wp","href":"https:\/\/api.w.org\/{rel}","templated":true}]}}