{"id":4718,"date":"2021-04-20T16:02:03","date_gmt":"2021-04-20T16:02:03","guid":{"rendered":"https:\/\/www.mitari.gr\/halkidiki\/"},"modified":"2021-04-20T17:30:21","modified_gmt":"2021-04-20T17:30:21","slug":"halkidiki","status":"publish","type":"page","link":"https:\/\/www.mitari.gr\/sr\/halkidiki\/","title":{"rendered":"halkidiki"},"content":{"rendered":"<div class=\"fusion-fullwidth fullwidth-box fusion-builder-row-1 nonhundred-percent-fullwidth non-hundred-percent-height-scrolling\" style=\"background-color: rgba(255,255,255,0);background-position: left top;background-repeat: no-repeat;padding-top:20px;padding-right:0px;padding-bottom:20px;padding-left:0px;margin-bottom: 0px;margin-top: 0px;border-width: 0px 0px 0px 0px;border-color:#eae9e9;border-style:solid;\" ><div class=\"fusion-builder-row fusion-row\"><div class=\"fusion-layout-column fusion_builder_column fusion-builder-column-0 fusion_builder_column_1_1 1_1 fusion-one-full fusion-column-first fusion-column-last\" style=\"margin-top:0px;margin-bottom:20px;\"><div class=\"fusion-column-wrapper fusion-flex-column-wrapper-legacy\" style=\"background-position:left top;background-repeat:no-repeat;-webkit-background-size:cover;-moz-background-size:cover;-o-background-size:cover;background-size:cover;padding: 0px 0px 0px 0px;\"><div class=\"fusion-text fusion-text-1\" style=\"transform:translate3d(0,0,0);\"><h1 style=\"text-align: center;\">HALKIDIKI<\/h1>\n<\/div><div class=\"fusion-sep-clear\"><\/div><div class=\"fusion-separator fusion-full-width-sep\" style=\"margin-left: auto;margin-right: auto;margin-bottom:30px;width:100%;\"><div class=\"fusion-separator-border sep-single sep-solid\" style=\"border-color:#1e73be;border-top-width:1px;\"><\/div><\/div><div class=\"fusion-sep-clear\"><\/div><div class=\"fusion-clearfix\"><\/div><\/div><\/div><div class=\"fusion-layout-column fusion_builder_column fusion-builder-column-1 fusion_builder_column_1_3 1_3 fusion-one-third fusion-column-first\" style=\"width:30.6666%; margin-right: 4%;margin-top:0px;margin-bottom:20px;\"><div class=\"fusion-column-wrapper fusion-flex-column-wrapper-legacy\" style=\"background-image: url(&#039;http:\/\/www.mitari.gr\/wp-content\/uploads\/2015\/05\/halkidiki-karydi.jpg&#039;);background-position:left top;background-repeat:no-repeat;-webkit-background-size:cover;-moz-background-size:cover;-o-background-size:cover;background-size:cover;padding: 0px 0px 0px 0px;\" data-bg-url=\"http:\/\/www.mitari.gr\/wp-content\/uploads\/2015\/05\/halkidiki-karydi.jpg\"><div class=\"fusion-clearfix\"><\/div><\/div><\/div><div class=\"fusion-layout-column fusion_builder_column fusion-builder-column-2 fusion_builder_column_2_3 2_3 fusion-two-third fusion-column-last\" style=\"width:65.3333%;margin-top:0px;margin-bottom:20px;\"><div class=\"fusion-column-wrapper fusion-flex-column-wrapper-legacy\" style=\"background-position:left top;background-repeat:no-repeat;-webkit-background-size:cover;-moz-background-size:cover;-o-background-size:cover;background-size:cover;padding: 0px 0px 0px 0px;\"><div class=\"fusion-text fusion-text-2\" style=\"transform:translate3d(0,0,0);\"><p>Halkidiki je \u010darobno mesto i stub privla\u010dnosti za veoma zna\u010dajan broj turista. Mora da poka\u017ee jedinstvenu prirodu, neverovatne pla\u017ee, osamljene uvale i \u017eivopisna sela sa izuzetnom tradicionalnom arhitekturom. Glavni grad prefekture Halkidiki je Poligros, koji se nalazi u geografskom centru prefekture. Najturisti\u010dnije podru\u010dje Halkidikija je njegova ju\u017ena strana koju \u010dine Kasandra na zapadu, Sitonija u centru i Sveta Gora na istoku. To je jedno od najnebesnijih mesta u Gr\u010dkoj, mesto koje su voleli oni koji su ga posetili.<\/p>\n<p>&nbsp;<\/p>\n<p>Sitonija se nalazi na srednjem poluostrvu Halkidiki. Tokom obilaska imate priliku da se divite beskrajnim o\u010daravaju\u0107im pejza\u017eima, \u017eivopisnim lukama, veli\u010danstvenim zlatnim pla\u017eama, osamljenim uvalama pored maslinika, bujnim \u0161umama, mirnim ribarskim selima i neverovatnoj arhitekturi ku\u0107a i crkava. Samo na Halkidikiju mo\u017eete u\u017eivati u divnim pe\u0161\u010danim pla\u017eama u kombinaciji zelene i plave boje dok se borovi susre\u0107u sa talasi. Obilazak poluostrva Sitonija i poseta raznim selima i obalama pru\u017ei\u0107e vam posebne trenutke, jer svaka lokacija Sitonije predstavlja pravu gr\u010dku lepotu. Tokom svog boravka mo\u017eete posetiti i diviti se narodnoj arhitekturi ku\u0107a u Ormiliji, divnim borovim pe\u0161\u010danim pla\u017eama Nikiti i Metamorfosi, uskim uli\u010dicama i cvetnim trgovima u Agios Nikolaosu, ostrvu u Vourvourou , i tradicionalnom naselju Partenon kao i kosmopolitski vazduh Neos Marmarasa.<\/p>\n<p>Do poluostrva Sitonija mo\u017eete do\u0107i automobilom ili autobusom . Autobusi napu\u0161taju Solun i druge gradove Halkidikija i sti\u017eu do najju\u017enijeg sela Sitonije. Naravno, mo\u017eete se zaustaviti na po\u010detku poluostrva, a zatim nastaviti obilazak prema jugu, autobusima koji povezuju sva sela. Na Sitoniji \u0107ete na\u0107i veoma organizovana i razvijena sela koja nude razne usluge neophodne za va\u0161 odmor, banka, apoteka, po\u0161ta i domova zdravlja.<\/p>\n<\/div><div class=\"fusion-clearfix\"><\/div><\/div><\/div><\/div><\/div>\n","protected":false},"excerpt":{"rendered":"","protected":false},"author":1,"featured_media":0,"parent":0,"menu_order":0,"comment_status":"open","ping_status":"open","template":"","meta":{"_mi_skip_tracking":false},"_links":{"self":[{"href":"https:\/\/www.mitari.gr\/sr\/wp-json\/wp\/v2\/pages\/4718"}],"collection":[{"href":"https:\/\/www.mitari.gr\/sr\/wp-json\/wp\/v2\/pages"}],"about":[{"href":"https:\/\/www.mitari.gr\/sr\/wp-json\/wp\/v2\/types\/page"}],"author":[{"embeddable":true,"href":"https:\/\/www.mitari.gr\/sr\/wp-json\/wp\/v2\/users\/1"}],"replies":[{"embeddable":true,"href":"https:\/\/www.mitari.gr\/sr\/wp-json\/wp\/v2\/comments?post=4718"}],"version-history":[{"count":5,"href":"https:\/\/www.mitari.gr\/sr\/wp-json\/wp\/v2\/pages\/4718\/revisions"}],"predecessor-version":[{"id":4747,"href":"https:\/\/www.mitari.gr\/sr\/wp-json\/wp\/v2\/pages\/4718\/revisions\/4747"}],"wp:attachment":[{"href":"https:\/\/www.mitari.gr\/sr\/wp-json\/wp\/v2\/media?parent=4718"}],"curies":[{"name":"wp","href":"https:\/\/api.w.org\/{rel}","templated":true}]}}